{"id":11864,"date":"2022-09-13T08:57:49","date_gmt":"2022-09-13T06:57:49","guid":{"rendered":"https:\/\/bevc-shop.aklih.eu\/izdelek\/justierfuesse-nk-fi-10-m4x10-signalweiss\/"},"modified":"2022-12-08T13:16:12","modified_gmt":"2022-12-08T12:16:12","slug":"justierfuesse-nk-fi-10-m4x10-signalweiss","status":"publish","type":"product","link":"https:\/\/shop-plastika.aklih.si\/de\/produkt\/justierfuesse-nk-fi-10-m4x10-signalweiss\/","title":{"rendered":"Justierf\u00fc\u00dfe NK fi 10 M4x10 (Signalwei\u00df)"},"content":{"rendered":"<h5>Beschreibung<\/h5>\n<p>fi (mm) = 10; H (mm) = 5; L (mm) = 10; M (mm) = 4<br \/><i class=\"fas fa-file-pdf\"><\/i><a href=\"\/wp-content\/uploads\/datasheet\/datasheet_Nogice z nagibom - polkrogla glava.pdf\" target=_blank\"> Technical Data Sheet SL\/EN\/DE<\/a><\/p>\n","protected":false},"excerpt":{"rendered":"<p>Beschreibung fi (mm) = 10; H (mm) = 5; L (mm) = 10; M (mm) = 4<\/p>\n","protected":false},"featured_media":435,"template":"","meta":{"inline_featured_image":false},"product_brand":[],"product_cat":[687,695],"product_tag":[],"class_list":{"0":"post-11864","1":"product","2":"type-product","3":"status-publish","4":"has-post-thumbnail","6":"product_cat-justierfuse-bodenausgleichsschrauben","7":"product_cat-gelenk-stellfuse-aus-polyamid-hemisphare-kopf","8":"pa_barva-bela-de","9":"pa_barva-izdelka-ral-9003-signalweiss","10":"pa_fi-10-de","11":"pa_h-5-de","12":"pa_l-10-de","13":"pa_m-2-4-de","15":"first","16":"instock","17":"taxable","18":"shipping-taxable","19":"purchasable","20":"product-type-simple"},"_links":{"self":[{"href":"https:\/\/shop-plastika.aklih.si\/de\/wp-json\/wp\/v2\/product\/11864","targetHints":{"allow":["GET"]}}],"collection":[{"href":"https:\/\/shop-plastika.aklih.si\/de\/wp-json\/wp\/v2\/product"}],"about":[{"href":"https:\/\/shop-plastika.aklih.si\/de\/wp-json\/wp\/v2\/types\/product"}],"wp:featuredmedia":[{"embeddable":true,"href":"https:\/\/shop-plastika.aklih.si\/de\/wp-json\/wp\/v2\/media\/435"}],"wp:attachment":[{"href":"https:\/\/shop-plastika.aklih.si\/de\/wp-json\/wp\/v2\/media?parent=11864"}],"wp:term":[{"taxonomy":"product_brand","embeddable":true,"href":"https:\/\/shop-plastika.aklih.si\/de\/wp-json\/wp\/v2\/product_brand?post=11864"},{"taxonomy":"product_cat","embeddable":true,"href":"https:\/\/shop-plastika.aklih.si\/de\/wp-json\/wp\/v2\/product_cat?post=11864"},{"taxonomy":"product_tag","embeddable":true,"href":"https:\/\/shop-plastika.aklih.si\/de\/wp-json\/wp\/v2\/product_tag?post=11864"}],"curies":[{"name":"wp","href":"https:\/\/api.w.org\/{rel}","templated":true}]}}