{"id":22094,"date":"2023-08-30T10:11:52","date_gmt":"2023-08-30T08:11:52","guid":{"rendered":"https:\/\/shop.plastika-bevc.com\/?post_type=product&#038;p=22094"},"modified":"2023-08-31T16:44:59","modified_gmt":"2023-08-31T14:44:59","slug":"justierfuesse-r-n-m8-x-33-fi-20-signalweiss","status":"publish","type":"product","link":"https:\/\/shop-plastika.aklih.si\/de\/produkt\/justierfuesse-r-n-m8-x-33-fi-20-signalweiss\/","title":{"rendered":"Justierf\u00fc\u00dfe R-N M8 x 33 fi 20 (Signalwei\u00df)"},"content":{"rendered":"<h5>Beschreibung<\/h5>\n<p>fi (mm) = 20; H (mm) = 6; L (mm) = 33; M (mm) = 8<br \/><i class=\"fas fa-file-pdf\"><\/i><a href=\"\/wp-content\/uploads\/datasheet\/datasheet-Nogica-R-N.pdf\" target=_blank\" rel=\"noopener noreferrer\"> Technical Data Sheet SL\/EN\/DE<\/a><\/p>\n","protected":false},"excerpt":{"rendered":"<p>Beschreibung fi (mm) = 20; H (mm) = 6; L (mm) = 33; M (mm) = 8<\/p>\n","protected":false},"featured_media":453,"template":"","meta":{"inline_featured_image":false},"product_brand":[],"product_cat":[687,699],"product_tag":[],"class_list":{"0":"post-22094","1":"product","2":"type-product","3":"status-publish","4":"has-post-thumbnail","6":"product_cat-justierfuse-bodenausgleichsschrauben","7":"product_cat-r-n-justierfuesse-bodenausgleichsschrauben","8":"pa_barva-bela-de","9":"pa_barva-izdelka-ral-9003-signalweiss","10":"pa_barvafull-ral-9003-bela-de","11":"pa_fi-20-de","12":"pa_h-6-de","13":"pa_l-33-de","14":"pa_m-2-8-de","16":"first","17":"instock","18":"taxable","19":"shipping-taxable","20":"purchasable","21":"product-type-simple"},"_links":{"self":[{"href":"https:\/\/shop-plastika.aklih.si\/de\/wp-json\/wp\/v2\/product\/22094","targetHints":{"allow":["GET"]}}],"collection":[{"href":"https:\/\/shop-plastika.aklih.si\/de\/wp-json\/wp\/v2\/product"}],"about":[{"href":"https:\/\/shop-plastika.aklih.si\/de\/wp-json\/wp\/v2\/types\/product"}],"wp:featuredmedia":[{"embeddable":true,"href":"https:\/\/shop-plastika.aklih.si\/de\/wp-json\/wp\/v2\/media\/453"}],"wp:attachment":[{"href":"https:\/\/shop-plastika.aklih.si\/de\/wp-json\/wp\/v2\/media?parent=22094"}],"wp:term":[{"taxonomy":"product_brand","embeddable":true,"href":"https:\/\/shop-plastika.aklih.si\/de\/wp-json\/wp\/v2\/product_brand?post=22094"},{"taxonomy":"product_cat","embeddable":true,"href":"https:\/\/shop-plastika.aklih.si\/de\/wp-json\/wp\/v2\/product_cat?post=22094"},{"taxonomy":"product_tag","embeddable":true,"href":"https:\/\/shop-plastika.aklih.si\/de\/wp-json\/wp\/v2\/product_tag?post=22094"}],"curies":[{"name":"wp","href":"https:\/\/api.w.org\/{rel}","templated":true}]}}